{"id":11,"date":"2025-05-30T22:26:26","date_gmt":"2025-05-30T22:26:26","guid":{"rendered":"https:\/\/fkool.com\/?page_id=11"},"modified":"2025-06-03T09:39:22","modified_gmt":"2025-06-03T09:39:22","slug":"home","status":"publish","type":"page","link":"https:\/\/fkool.com\/es\/","title":{"rendered":"Inicio"},"content":{"rendered":"<div data-elementor-type=\"wp-page\" data-elementor-id=\"11\" class=\"elementor elementor-11\" data-elementor-post-type=\"page\">\n\t\t\t\t\t\t<section class=\"elementor-section elementor-top-section elementor-element elementor-element-17c0f9d elementor-section-boxed elementor-section-height-default elementor-section-height-default\" data-id=\"17c0f9d\" data-element_type=\"section\" data-e-type=\"section\" data-settings=\"{&quot;background_background&quot;:&quot;classic&quot;}\">\n\t\t\t\t\t\t<div class=\"elementor-container elementor-column-gap-default\">\n\t\t\t\t\t<div class=\"elementor-column elementor-col-100 elementor-top-column elementor-element elementor-element-559f4fe\" data-id=\"559f4fe\" data-element_type=\"column\" data-e-type=\"column\">\n\t\t\t<div class=\"elementor-widget-wrap elementor-element-populated\">\n\t\t\t\t\t\t<div class=\"elementor-element elementor-element-c47bb78 elementor-widget elementor-widget-heading\" data-id=\"c47bb78\" data-element_type=\"widget\" data-e-type=\"widget\" data-widget_type=\"heading.default\">\n\t\t\t\t<div class=\"elementor-widget-container\">\n\t\t\t\t\t<h2 class=\"elementor-heading-title elementor-size-default\">Chicken road 2 (Juego de plata) \u25b7 Pruebas y opiniones 2025 (Bono ofrecido)<\/h2>\t\t\t\t<\/div>\n\t\t\t\t<\/div>\n\t\t\t\t<div class=\"elementor-element elementor-element-006d52d elementor-align-center elementor-widget elementor-widget-button\" data-id=\"006d52d\" data-element_type=\"widget\" data-e-type=\"widget\" data-widget_type=\"button.default\">\n\t\t\t\t<div class=\"elementor-widget-container\">\n\t\t\t\t\t\t\t\t\t<div class=\"elementor-button-wrapper\">\n\t\t\t\t\t<a class=\"elementor-button elementor-button-link elementor-size-sm\" href=\"https:\/\/taap.it\/Sx0NZ2\" target=\"_blank\">\n\t\t\t\t\t\t<span class=\"elementor-button-content-wrapper\">\n\t\t\t\t\t\t\t\t\t<span class=\"elementor-button-text\">JUGAR A CHICKEN ROAD 2<\/span>\n\t\t\t\t\t<\/span>\n\t\t\t\t\t<\/a>\n\t\t\t\t<\/div>\n\t\t\t\t\t\t\t\t<\/div>\n\t\t\t\t<\/div>\n\t\t\t\t<div class=\"elementor-element elementor-element-831c696 elementor-widget elementor-widget-html\" data-id=\"831c696\" data-element_type=\"widget\" data-e-type=\"widget\" data-widget_type=\"html.default\">\n\t\t\t\t<div class=\"elementor-widget-container\">\n\t\t\t\t\t<iframe src=\"https:\/\/demo.inout.games\/games-view\/games\/game\/?authToken=789ac55e-6fb5-4496-a438-cca4db3313e1&amp;operatorId=ee2013ed-e1f0-4d6e-97d2-f36619e2eb52&amp;gameMode=chicken-road-two&amp;isDemo=MTc0NjU5MzEwNTk1Ng%3D%3D&amp;currency=USD&amp;lang=en\" height=\"700\"><\/iframe>\t\t\t\t<\/div>\n\t\t\t\t<\/div>\n\t\t\t\t<div class=\"elementor-element elementor-element-231ff13 elementor-align-center elementor-widget elementor-widget-button\" data-id=\"231ff13\" data-element_type=\"widget\" data-e-type=\"widget\" data-widget_type=\"button.default\">\n\t\t\t\t<div class=\"elementor-widget-container\">\n\t\t\t\t\t\t\t\t\t<div class=\"elementor-button-wrapper\">\n\t\t\t\t\t<a class=\"elementor-button elementor-button-link elementor-size-sm\" href=\"https:\/\/taap.it\/Sx0NZ2\" target=\"_blank\">\n\t\t\t\t\t\t<span class=\"elementor-button-content-wrapper\">\n\t\t\t\t\t\t\t\t\t<span class=\"elementor-button-text\">JUEGA A CHICKEN ROAD 2 (BONO GRATIS)<\/span>\n\t\t\t\t\t<\/span>\n\t\t\t\t\t<\/a>\n\t\t\t\t<\/div>\n\t\t\t\t\t\t\t\t<\/div>\n\t\t\t\t<\/div>\n\t\t\t\t\t<\/div>\n\t\t<\/div>\n\t\t\t\t\t<\/div>\n\t\t<\/section>\n\t\t\t\t<section class=\"elementor-section elementor-top-section elementor-element elementor-element-dabaf85 elementor-section-boxed elementor-section-height-default elementor-section-height-default\" data-id=\"dabaf85\" data-element_type=\"section\" data-e-type=\"section\" data-settings=\"{&quot;background_background&quot;:&quot;classic&quot;}\">\n\t\t\t\t\t\t<div class=\"elementor-container elementor-column-gap-default\">\n\t\t\t\t\t<div class=\"elementor-column elementor-col-100 elementor-top-column elementor-element elementor-element-750bb8c\" data-id=\"750bb8c\" data-element_type=\"column\" data-e-type=\"column\">\n\t\t\t<div class=\"elementor-widget-wrap elementor-element-populated\">\n\t\t\t\t\t\t<div class=\"elementor-element elementor-element-0686a40 elementor-widget elementor-widget-heading\" data-id=\"0686a40\" data-element_type=\"widget\" data-e-type=\"widget\" data-widget_type=\"heading.default\">\n\t\t\t\t<div class=\"elementor-widget-container\">\n\t\t\t\t\t<h1 class=\"elementor-heading-title elementor-size-default\">Chicken Road 2: Prueba y revisi\u00f3n para 2025<\/h1>\t\t\t\t<\/div>\n\t\t\t\t<\/div>\n\t\t\t\t<div class=\"elementor-element elementor-element-97f3c25 elementor-widget elementor-widget-heading\" data-id=\"97f3c25\" data-element_type=\"widget\" data-e-type=\"widget\" data-widget_type=\"heading.default\">\n\t\t\t\t<div class=\"elementor-widget-container\">\n\t\t\t\t\t<p class=\"elementor-heading-title elementor-size-default\">El a\u00f1o 2025 nos trae una nueva iteraci\u00f3n del famoso juego Chicken Road. Los creadores han preparado un cautivador c\u00f3ctel de adrenalina y estrategia, que promete una experiencia \u00fanica para los fans de <strong>juego<\/strong> y <strong>minijuegos<\/strong>. Con <strong>bonificaciones atractivas<\/strong>Este t\u00edtulo ya est\u00e1 generando mucho inter\u00e9s entre los fans de <strong>casinos en l\u00ednea<\/strong>. En este art\u00edculo, nos sumergimos en los detalles del juego para ver lo que Chicken Road 2 tiene que ofrecer este a\u00f1o.<\/p>\t\t\t\t<\/div>\n\t\t\t\t<\/div>\n\t\t\t\t<div class=\"elementor-element elementor-element-4bd6691 elementor-widget elementor-widget-heading\" data-id=\"4bd6691\" data-element_type=\"widget\" data-e-type=\"widget\" data-widget_type=\"heading.default\">\n\t\t\t\t<div class=\"elementor-widget-container\">\n\t\t\t\t\t<h2 class=\"elementor-heading-title elementor-size-default\">\u00bfQu\u00e9 es Chicken Road 2?<\/h2>\t\t\t\t<\/div>\n\t\t\t\t<\/div>\n\t\t\t\t<div class=\"elementor-element elementor-element-e97abf2 elementor-widget elementor-widget-heading\" data-id=\"e97abf2\" data-element_type=\"widget\" data-e-type=\"widget\" data-widget_type=\"heading.default\">\n\t\t\t\t<div class=\"elementor-widget-container\">\n\t\t\t\t\t<p class=\"elementor-heading-title elementor-size-default\">Originalmente, Chicken Road era un juego sencillo en el que el objetivo era guiar a un pollo a trav\u00e9s de una serie de peligrosas carreteras. Sin embargo, con Chicken Road 2, el concepto ha evolucionado considerablemente. Este juego combina ahora la tensi\u00f3n habitual de un <strong>juego de cruce<\/strong> con elementos de <strong>juego<\/strong> espec\u00edficas de los casinos.<\/p>\t\t\t\t<\/div>\n\t\t\t\t<\/div>\n\t\t\t\t<div class=\"elementor-element elementor-element-322b29e elementor-widget elementor-widget-heading\" data-id=\"322b29e\" data-element_type=\"widget\" data-e-type=\"widget\" data-widget_type=\"heading.default\">\n\t\t\t\t<div class=\"elementor-widget-container\">\n\t\t\t\t\t<p class=\"elementor-heading-title elementor-size-default\">Los jugadores no s\u00f3lo tienen que tener cuidado con los obst\u00e1culos que se interponen en su camino, sino que tambi\u00e9n deben elegir sus rutas estrat\u00e9gicamente para maximizar su <strong>ingresos potenciales<\/strong>. Cada decisi\u00f3n influye directamente en la puntuaci\u00f3n final, integrando din\u00e1micamente la noci\u00f3n de <strong>multiplicadores de ingresos<\/strong> en funci\u00f3n de las dificultades encontradas durante el juego.<\/p>\t\t\t\t<\/div>\n\t\t\t\t<\/div>\n\t\t\t\t<div class=\"elementor-element elementor-element-b8c1544 elementor-widget elementor-widget-video\" data-id=\"b8c1544\" data-element_type=\"widget\" data-e-type=\"widget\" data-settings=\"{&quot;youtube_url&quot;:&quot;https:\\\/\\\/www.youtube.com\\\/watch?v=JMIpmUmXLn4&quot;,&quot;video_type&quot;:&quot;youtube&quot;,&quot;controls&quot;:&quot;yes&quot;}\" data-widget_type=\"video.default\">\n\t\t\t\t<div class=\"elementor-widget-container\">\n\t\t\t\t\t\t\t<div class=\"elementor-wrapper elementor-open-inline\">\n\t\t\t<div class=\"elementor-video\"><\/div>\t\t<\/div>\n\t\t\t\t\t\t<\/div>\n\t\t\t\t<\/div>\n\t\t\t\t<div class=\"elementor-element elementor-element-9f3b873 elementor-widget elementor-widget-heading\" data-id=\"9f3b873\" data-element_type=\"widget\" data-e-type=\"widget\" data-widget_type=\"heading.default\">\n\t\t\t\t<div class=\"elementor-widget-container\">\n\t\t\t\t\t<h2 class=\"elementor-heading-title elementor-size-default\">Jugabilidad : \u00bfC\u00f3mo funciona?<\/h2>\t\t\t\t<\/div>\n\t\t\t\t<\/div>\n\t\t\t\t<div class=\"elementor-element elementor-element-0b4df6c elementor-widget elementor-widget-heading\" data-id=\"0b4df6c\" data-element_type=\"widget\" data-e-type=\"widget\" data-widget_type=\"heading.default\">\n\t\t\t\t<div class=\"elementor-widget-container\">\n\t\t\t\t\t<h3 class=\"elementor-heading-title elementor-size-default\">Principios b\u00e1sicos<\/h3>\t\t\t\t<\/div>\n\t\t\t\t<\/div>\n\t\t\t\t<div class=\"elementor-element elementor-element-8c99d9f elementor-widget elementor-widget-heading\" data-id=\"8c99d9f\" data-element_type=\"widget\" data-e-type=\"widget\" data-widget_type=\"heading.default\">\n\t\t\t\t<div class=\"elementor-widget-container\">\n\t\t\t\t\t<p class=\"elementor-heading-title elementor-size-default\">En Chicken Road 2, cada nivel presenta un rompecabezas \u00fanico. El jugador debe guiar al pollo por diferentes rutas, evitando trampas mientras recoge monedas virtuales. Estas monedas son cruciales, ya que influyen en la cantidad de tu <strong>ingresos potenciales<\/strong>.<\/p>\t\t\t\t<\/div>\n\t\t\t\t<\/div>\n\t\t\t\t<div class=\"elementor-element elementor-element-6f434b6 elementor-widget elementor-widget-heading\" data-id=\"6f434b6\" data-element_type=\"widget\" data-e-type=\"widget\" data-widget_type=\"heading.default\">\n\t\t\t\t<div class=\"elementor-widget-container\">\n\t\t\t\t\t<p class=\"elementor-heading-title elementor-size-default\">La adici\u00f3n de mec\u00e1nicas de minijuego permite a los usuarios desbloquear varios <strong>bonificaci\u00f3n<\/strong> a medida que avanzas en los niveles. Estas bonificaciones pueden adoptar varias formas. Por ejemplo, una <strong>aumento temporal de la velocidad<\/strong> facilita el cruce de una carretera especialmente congestionada, o se aplica un multiplicador de puntuaci\u00f3n cuando se recogen todas las piezas de una ruta espec\u00edfica sin sufrir ning\u00fan accidente.<\/p>\t\t\t\t<\/div>\n\t\t\t\t<\/div>\n\t\t\t\t<div class=\"elementor-element elementor-element-323a1ac elementor-widget elementor-widget-heading\" data-id=\"323a1ac\" data-element_type=\"widget\" data-e-type=\"widget\" data-widget_type=\"heading.default\">\n\t\t\t\t<div class=\"elementor-widget-container\">\n\t\t\t\t\t<h3 class=\"elementor-heading-title elementor-size-default\">Estrategia y planificaci\u00f3n<\/h3>\t\t\t\t<\/div>\n\t\t\t\t<\/div>\n\t\t\t\t<div class=\"elementor-element elementor-element-62df9f5 elementor-widget elementor-widget-heading\" data-id=\"62df9f5\" data-element_type=\"widget\" data-e-type=\"widget\" data-widget_type=\"heading.default\">\n\t\t\t\t<div class=\"elementor-widget-container\">\n\t\t\t\t\t<p class=\"elementor-heading-title elementor-size-default\">La estrategia desempe\u00f1a un papel fundamental en esta nueva obra. Adem\u00e1s de reaccionar r\u00e1pidamente ante los peligros visibles, el jugador debe anticiparse. Elegir cu\u00e1ndo frenar o acelerar puede ser la diferencia entre la derrota y una victoria contundente. Gestionar estas elecciones ofrece una sensaci\u00f3n comparable a la experiencia de un <strong>juego de casino<\/strong>. La incertidumbre de los resultados a\u00f1ade una dimensi\u00f3n emocionante a los juegos.<\/p>\t\t\t\t<\/div>\n\t\t\t\t<\/div>\n\t\t\t\t<div class=\"elementor-element elementor-element-5da1e8e elementor-widget elementor-widget-heading\" data-id=\"5da1e8e\" data-element_type=\"widget\" data-e-type=\"widget\" data-widget_type=\"heading.default\">\n\t\t\t\t<div class=\"elementor-widget-container\">\n\t\t\t\t\t<p class=\"elementor-heading-title elementor-size-default\">Otra caracter\u00edstica interesante es el <strong>cajas misteriosas<\/strong> repartidas por los niveles. Cada caja proporciona recompensas aleatorias, como multiplicadores de final de partida o vidas extra. Equilibrar riesgos y recompensas es, por tanto, esencial para progresar eficazmente.<\/p>\t\t\t\t<\/div>\n\t\t\t\t<\/div>\n\t\t\t\t<div class=\"elementor-element elementor-element-d40416c elementor-widget elementor-widget-heading\" data-id=\"d40416c\" data-element_type=\"widget\" data-e-type=\"widget\" data-widget_type=\"heading.default\">\n\t\t\t\t<div class=\"elementor-widget-container\">\n\t\t\t\t\t<p class=\"elementor-heading-title elementor-size-default\"><ul>\n    <li>\ud83d\udc14 Uso estrat\u00e9gico de los potenciadores<\/li>\n    <li>\ud83d\udcb0 Recoge monedas para aumentar las ganancias.<\/li>\n    <li>\ud83c\udf81 Descubrir y utilizar las cajas misteriosas<\/li>\n<\/ul><\/p>\t\t\t\t<\/div>\n\t\t\t\t<\/div>\n\t\t\t\t<div class=\"elementor-element elementor-element-a58e483 elementor-widget elementor-widget-image\" data-id=\"a58e483\" data-element_type=\"widget\" data-e-type=\"widget\" data-widget_type=\"image.default\">\n\t\t\t\t<div class=\"elementor-widget-container\">\n\t\t\t\t\t\t\t\t\t\t\t\t\t\t\t<img fetchpriority=\"high\" decoding=\"async\" width=\"1348\" height=\"504\" src=\"https:\/\/fkool.com\/wp-content\/uploads\/2025\/05\/Screenshot-2025-05-31-110148.png\" class=\"attachment-full size-full wp-image-157\" alt=\"\" srcset=\"https:\/\/fkool.com\/wp-content\/uploads\/2025\/05\/Screenshot-2025-05-31-110148.png 1348w, https:\/\/fkool.com\/wp-content\/uploads\/2025\/05\/Screenshot-2025-05-31-110148-300x112.png 300w, https:\/\/fkool.com\/wp-content\/uploads\/2025\/05\/Screenshot-2025-05-31-110148-1024x383.png 1024w, https:\/\/fkool.com\/wp-content\/uploads\/2025\/05\/Screenshot-2025-05-31-110148-768x287.png 768w, https:\/\/fkool.com\/wp-content\/uploads\/2025\/05\/Screenshot-2025-05-31-110148-18x7.png 18w\" sizes=\"(max-width: 1348px) 100vw, 1348px\" \/>\t\t\t\t\t\t\t\t\t\t\t\t\t\t\t<\/div>\n\t\t\t\t<\/div>\n\t\t\t\t<div class=\"elementor-element elementor-element-d3253c6 elementor-widget elementor-widget-heading\" data-id=\"d3253c6\" data-element_type=\"widget\" data-e-type=\"widget\" data-widget_type=\"heading.default\">\n\t\t\t\t<div class=\"elementor-widget-container\">\n\t\t\t\t\t<h3 class=\"elementor-heading-title elementor-size-default\">\u00bfQu\u00e9 bonificaciones ofrece Chicken Road 2?<\/h3>\t\t\t\t<\/div>\n\t\t\t\t<\/div>\n\t\t\t\t<div class=\"elementor-element elementor-element-a0ec2c6 elementor-widget elementor-widget-heading\" data-id=\"a0ec2c6\" data-element_type=\"widget\" data-e-type=\"widget\" data-widget_type=\"heading.default\">\n\t\t\t\t<div class=\"elementor-widget-container\">\n\t\t\t\t\t<p class=\"elementor-heading-title elementor-size-default\">Los desarrolladores han pensado en todo para mantener enganchados a los jugadores. <strong>Bonificaciones<\/strong> desempe\u00f1an un papel central en este juego, atrayendo incluso a quienes no est\u00e1n familiarizados con los t\u00edtulos que mezclan <strong>juego<\/strong> y diversi\u00f3n amistosa. Estas son algunas de las principales ofertas que encontrar\u00e1s:<\/p>\t\t\t\t<\/div>\n\t\t\t\t<\/div>\n\t\t\t\t<div class=\"elementor-element elementor-element-5eff850 elementor-widget elementor-widget-heading\" data-id=\"5eff850\" data-element_type=\"widget\" data-e-type=\"widget\" data-widget_type=\"heading.default\">\n\t\t\t\t<div class=\"elementor-widget-container\">\n\t\t\t\t\t<p class=\"elementor-heading-title elementor-size-default\">En primer lugar, hay <strong>bonificaciones diarias<\/strong> ofrecidos cada vez que los jugadores se conectan, anim\u00e1ndoles a volver con regularidad. Adem\u00e1s de estos incentivos diarios <strong>retos semanales especiales<\/strong> ganar multiplicadores aplicados a las puntuaciones globales.<\/p>\t\t\t\t<\/div>\n\t\t\t\t<\/div>\n\t\t\t\t<div class=\"elementor-element elementor-element-abadc3e elementor-widget__width-initial elementor-widget elementor-widget-heading\" data-id=\"abadc3e\" data-element_type=\"widget\" data-e-type=\"widget\" data-widget_type=\"heading.default\">\n\t\t\t\t<div class=\"elementor-widget-container\">\n\t\t\t\t\t<p class=\"elementor-heading-title elementor-size-default\"><table>\n    <tr>\n        <th>\ud83d\udcc6 Bonificaci\u00f3n<\/th>\n        <th>\ud83d\udd25 Frecuencia<\/th>\n        <th>Efecto<\/th>\n    <\/tr>\n    <tr>\n        <td>Cofres misteriosos<\/td>\n        <td>Semanal<\/td>\n        <td>Multiplicadores hasta x5<\/td>\n    <\/tr>\n    <tr>\n        <td>Recargas de vida<\/td>\n        <td>Diario<\/td>\n        <td>+3 vidas<\/td>\n    <\/tr>\n    <tr>\n        <td>Aumentos de velocidad<\/td>\n        <td>Puntual<\/td>\n        <td>Secci\u00f3n sprint<\/td>\n    <\/tr>\n<\/table><\/p>\t\t\t\t<\/div>\n\t\t\t\t<\/div>\n\t\t\t\t<div class=\"elementor-element elementor-element-98f40b5 elementor-widget elementor-widget-heading\" data-id=\"98f40b5\" data-element_type=\"widget\" data-e-type=\"widget\" data-widget_type=\"heading.default\">\n\t\t\t\t<div class=\"elementor-widget-container\">\n\t\t\t\t\t<h3 class=\"elementor-heading-title elementor-size-default\">Opiniones de los jugadores: \u00bfQu\u00e9 dicen?<\/h3>\t\t\t\t<\/div>\n\t\t\t\t<\/div>\n\t\t\t\t<div class=\"elementor-element elementor-element-3cd6b89 elementor-widget elementor-widget-heading\" data-id=\"3cd6b89\" data-element_type=\"widget\" data-e-type=\"widget\" data-widget_type=\"heading.default\">\n\t\t\t\t<div class=\"elementor-widget-container\">\n\t\t\t\t\t<p class=\"elementor-heading-title elementor-size-default\">Varios jugadores expresaron su satisfacci\u00f3n con <strong>mejoras significativas<\/strong> en comparaci\u00f3n con su predecesor. En particular, se aprecia mucho el r\u00e1pido ritmo del juego y la enriquecedora interacci\u00f3n social que se fomenta entre los participantes a trav\u00e9s de las clasificaciones en tiempo real.<\/p>\t\t\t\t<\/div>\n\t\t\t\t<\/div>\n\t\t\t\t<div class=\"elementor-element elementor-element-7f36cb2 elementor-widget elementor-widget-heading\" data-id=\"7f36cb2\" data-element_type=\"widget\" data-e-type=\"widget\" data-widget_type=\"heading.default\">\n\t\t\t\t<div class=\"elementor-widget-container\">\n\t\t\t\t\t<p class=\"elementor-heading-title elementor-size-default\"><ul>\n    <li>\ud83d\udc4d Mejora continua de las funcionalidades<\/li>\n    <li>\ud83e\udd1d Fomentar la interacci\u00f3n social<\/li>\n    <li>\ud83d\udd04 Adaptabilidad a las preferencias de los jugadores<\/li>\n<\/ul>\n<\/p>\t\t\t\t<\/div>\n\t\t\t\t<\/div>\n\t\t\t\t<div class=\"elementor-element elementor-element-5c99d63 elementor-align-center elementor-widget elementor-widget-button\" data-id=\"5c99d63\" data-element_type=\"widget\" data-e-type=\"widget\" data-widget_type=\"button.default\">\n\t\t\t\t<div class=\"elementor-widget-container\">\n\t\t\t\t\t\t\t\t\t<div class=\"elementor-button-wrapper\">\n\t\t\t\t\t<a class=\"elementor-button elementor-button-link elementor-size-sm\" href=\"https:\/\/taap.it\/Sx0NZ2\" target=\"_blank\">\n\t\t\t\t\t\t<span class=\"elementor-button-content-wrapper\">\n\t\t\t\t\t\t\t\t\t<span class=\"elementor-button-text\">BONUS POLLO CARRETERA 2<\/span>\n\t\t\t\t\t<\/span>\n\t\t\t\t\t<\/a>\n\t\t\t\t<\/div>\n\t\t\t\t\t\t\t\t<\/div>\n\t\t\t\t<\/div>\n\t\t\t\t<div class=\"elementor-element elementor-element-ab5e375 elementor-widget elementor-widget-image\" data-id=\"ab5e375\" data-element_type=\"widget\" data-e-type=\"widget\" data-widget_type=\"image.default\">\n\t\t\t\t<div class=\"elementor-widget-container\">\n\t\t\t\t\t\t\t\t\t\t\t\t\t\t\t<img decoding=\"async\" width=\"1358\" height=\"507\" src=\"https:\/\/fkool.com\/wp-content\/uploads\/2025\/05\/Screenshot-2025-05-31-110103.png\" class=\"attachment-full size-full wp-image-152\" alt=\"\" srcset=\"https:\/\/fkool.com\/wp-content\/uploads\/2025\/05\/Screenshot-2025-05-31-110103.png 1358w, https:\/\/fkool.com\/wp-content\/uploads\/2025\/05\/Screenshot-2025-05-31-110103-300x112.png 300w, https:\/\/fkool.com\/wp-content\/uploads\/2025\/05\/Screenshot-2025-05-31-110103-1024x382.png 1024w, https:\/\/fkool.com\/wp-content\/uploads\/2025\/05\/Screenshot-2025-05-31-110103-768x287.png 768w, https:\/\/fkool.com\/wp-content\/uploads\/2025\/05\/Screenshot-2025-05-31-110103-18x7.png 18w\" sizes=\"(max-width: 1358px) 100vw, 1358px\" \/>\t\t\t\t\t\t\t\t\t\t\t\t\t\t\t<\/div>\n\t\t\t\t<\/div>\n\t\t\t\t<div class=\"elementor-element elementor-element-25b0db9 elementor-widget elementor-widget-heading\" data-id=\"25b0db9\" data-element_type=\"widget\" data-e-type=\"widget\" data-widget_type=\"heading.default\">\n\t\t\t\t<div class=\"elementor-widget-container\">\n\t\t\t\t\t<h3 class=\"elementor-heading-title elementor-size-default\">Preguntas frecuentes sobre Chicken Road 2<\/h3>\t\t\t\t<\/div>\n\t\t\t\t<\/div>\n\t\t\t\t<div class=\"elementor-element elementor-element-6cb091a elementor-widget elementor-widget-heading\" data-id=\"6cb091a\" data-element_type=\"widget\" data-e-type=\"widget\" data-widget_type=\"heading.default\">\n\t\t\t\t<div class=\"elementor-widget-container\">\n\t\t\t\t\t<p class=\"elementor-heading-title elementor-size-default\"><div>\n  <div>\n      <h3>\u00bfQu\u00e9 tipo de ganancias puedes esperar en Chicken Road 2?<\/h3>\n      <div>\n          <p>Las ganancias var\u00edan mucho en funci\u00f3n de las estrategias empleadas y las bonificaciones cobradas. Gracias a <strong>multiplicadores<\/strong> presentes en las cajas fuertes, es posible obtener puntuaciones elevadas, comparables a las observadas en la <strong>juegos de casino tradicionales<\/strong>.<\/p>\n      <\/div>\n  <\/div>\n  <div>\n      <h3>\u00bfC\u00f3mo funcionan los multiplicadores en Chicken Road 2?<\/h3>\n      <div>\n          <p>A lo largo de los distintos niveles, objetos especiales y cajas esconden <strong>multiplicadores<\/strong>. Se activan cuando se cumplen determinadas condiciones, como recoger todas las monedas de un nivel o alcanzar hitos espec\u00edficos definidos en el juego.<\/p>\n      <\/div>\n  <\/div>\n  <div>\n      <h3>\u00bfExiste interacci\u00f3n social entre los jugadores en Chicken Road 2?<\/h3>\n      <div>\n          <p>S\u00ed, el juego incluye <strong>clasificaciones en l\u00ednea<\/strong> que permite a los jugadores comparar sus puntuaciones y participar en competiciones amistosas. Esto fomenta la interacci\u00f3n de la comunidad en torno a las actuaciones individuales y el intercambio de consejos sobre c\u00f3mo progresar eficazmente.<\/p>\n      <\/div>\n  <\/div>\n  <div>\n      <h3>\u00bfEst\u00e1 disponible Chicken Road 2 para m\u00f3viles?<\/h3>\n      <div>\n          <p>Por supuesto, Chicken Road 2 est\u00e1 optimizado para dispositivos m\u00f3viles, lo que garantiza una experiencia fluida tanto en smartphones como en tabletas, al tiempo que mantiene unos gr\u00e1ficos de alta definici\u00f3n y una jugabilidad agradable en movimiento.<\/p>\n      <\/div>\n  <\/div>\n<\/div><\/p>\t\t\t\t<\/div>\n\t\t\t\t<\/div>\n\t\t\t\t\t<\/div>\n\t\t<\/div>\n\t\t\t\t\t<\/div>\n\t\t<\/section>\n\t\t\t\t<\/div>","protected":false},"excerpt":{"rendered":"<p>Chicken road 2 (Silver game) \u25b7 Pruebas y opiniones 2025 (Bonus ofrecido) PLAY CHICKEN ROAD 2 PLAY CHICKEN ROAD 2 (Silver game) \u25b7 Pruebas y opiniones 2025 (Bonus ofrecido) PLAY CHICKEN ROAD 2 (Silver game) [...]<\/p>","protected":false},"author":2,"featured_media":0,"parent":0,"menu_order":0,"comment_status":"closed","ping_status":"closed","template":"elementor_header_footer","meta":{"site-sidebar-layout":"no-sidebar","site-content-layout":"","ast-site-content-layout":"full-width-container","site-content-style":"default","site-sidebar-style":"default","ast-global-header-display":"","ast-banner-title-visibility":"","ast-main-header-display":"","ast-hfb-above-header-display":"","ast-hfb-below-header-display":"","ast-hfb-mobile-header-display":"","site-post-title":"disabled","ast-breadcrumbs-content":"","ast-featured-img":"disabled","footer-sml-layout":"","ast-disable-related-posts":"","theme-transparent-header-meta":"default","adv-header-id-meta":"","stick-header-meta":"","header-above-stick-meta":"","header-main-stick-meta":"","header-below-stick-meta":"","astra-migrate-meta-layouts":"set","ast-page-background-enabled":"default","ast-page-background-meta":{"desktop":{"background-color":"var(--ast-global-color-5)","background-image":"","background-repeat":"repeat","background-position":"center center","background-size":"auto","background-attachment":"scroll","background-type":"","background-media":"","overlay-type":"","overlay-color":"","overlay-opacity":"","overlay-gradient":""},"tablet":{"background-color":"","background-image":"","background-repeat":"repeat","background-position":"center center","background-size":"auto","background-attachment":"scroll","background-type":"","background-media":"","overlay-type":"","overlay-color":"","overlay-opacity":"","overlay-gradient":""},"mobile":{"background-color":"","background-image":"","background-repeat":"repeat","background-position":"center center","background-size":"auto","background-attachment":"scroll","background-type":"","background-media":"","overlay-type":"","overlay-color":"","overlay-opacity":"","overlay-gradient":""}},"ast-content-background-meta":{"desktop":{"background-color":"var(--ast-global-color-4)","background-image":"","background-repeat":"repeat","background-position":"center center","background-size":"auto","background-attachment":"scroll","background-type":"","background-media":"","overlay-type":"","overlay-color":"","overlay-opacity":"","overlay-gradient":""},"tablet":{"background-color":"var(--ast-global-color-4)","background-image":"","background-repeat":"repeat","background-position":"center center","background-size":"auto","background-attachment":"scroll","background-type":"","background-media":"","overlay-type":"","overlay-color":"","overlay-opacity":"","overlay-gradient":""},"mobile":{"background-color":"var(--ast-global-color-4)","background-image":"","background-repeat":"repeat","background-position":"center center","background-size":"auto","background-attachment":"scroll","background-type":"","background-media":"","overlay-type":"","overlay-color":"","overlay-opacity":"","overlay-gradient":""}},"footnotes":""},"class_list":["post-11","page","type-page","status-publish","hentry"],"_links":{"self":[{"href":"https:\/\/fkool.com\/es\/wp-json\/wp\/v2\/pages\/11","targetHints":{"allow":["GET"]}}],"collection":[{"href":"https:\/\/fkool.com\/es\/wp-json\/wp\/v2\/pages"}],"about":[{"href":"https:\/\/fkool.com\/es\/wp-json\/wp\/v2\/types\/page"}],"author":[{"embeddable":true,"href":"https:\/\/fkool.com\/es\/wp-json\/wp\/v2\/users\/2"}],"replies":[{"embeddable":true,"href":"https:\/\/fkool.com\/es\/wp-json\/wp\/v2\/comments?post=11"}],"version-history":[{"count":166,"href":"https:\/\/fkool.com\/es\/wp-json\/wp\/v2\/pages\/11\/revisions"}],"predecessor-version":[{"id":196,"href":"https:\/\/fkool.com\/es\/wp-json\/wp\/v2\/pages\/11\/revisions\/196"}],"wp:attachment":[{"href":"https:\/\/fkool.com\/es\/wp-json\/wp\/v2\/media?parent=11"}],"curies":[{"name":"wp","href":"https:\/\/api.w.org\/{rel}","templated":true}]}}